{"id":13613,"date":"2022-02-01T14:07:30","date_gmt":"2022-02-01T13:07:30","guid":{"rendered":"https:\/\/www.les-jamelles.com\/?page_id=13613"},"modified":"2022-02-10T16:54:01","modified_gmt":"2022-02-10T15:54:01","slug":"nachhaltigkeit","status":"publish","type":"page","link":"https:\/\/www.les-jamelles.com\/de\/nachhaltigkeit\/","title":{"rendered":"Nachhaltigkeit"},"content":{"rendered":"<p>[et_pb_section fb_built=&#8220;1&#8243; custom_padding_last_edited=&#8220;on|phone&#8220; disabled_on=&#8220;off|off|on&#8220; _builder_version=&#8220;3.22&#8243; background_color=&#8220;#e00b00&#8243; custom_margin=&#8220;0px||0px&#8220; custom_padding=&#8220;10px||10px&#8220; custom_padding_tablet=&#8220;20px||20px|&#8220; custom_padding_phone=&#8220;10px||10px|&#8220; saved_tabs=&#8220;all&#8220; locked=&#8220;off&#8220; collapsed=&#8220;off&#8220;][et_pb_row _builder_version=&#8220;4.3.4&#8243;][et_pb_column type=&#8220;4_4&#8243; _builder_version=&#8220;4.3.4&#8243;][\/et_pb_column][\/et_pb_row][\/et_pb_section][et_pb_section fb_built=&#8220;1&#8243; _builder_version=&#8220;3.22&#8243; custom_margin=&#8220;0px|0px|0px|0px&#8220; custom_padding=&#8220;0px|0px|0px|0px&#8220; top_divider_style=&#8220;curve&#8220; top_divider_color=&#8220;#e00b00&#8243; top_divider_height=&#8220;25px&#8220; top_divider_repeat=&#8220;20x&#8220; top_divider_arrangement=&#8220;above_content&#8220; top_divider_height_tablet=&#8220;12px&#8220; top_divider_height_phone=&#8220;5px&#8220; top_divider_height_last_edited=&#8220;on|tablet&#8220; bottom_divider_style=&#8220;wave&#8220; bottom_divider_color=&#8220;#f9f8f2&#8243; bottom_divider_height=&#8220;15px&#8220; bottom_divider_repeat=&#8220;14x&#8220; bottom_divider_arrangement=&#8220;above_content&#8220; bottom_divider_height_tablet=&#8220;8px&#8220; bottom_divider_height_phone=&#8220;5px&#8220; bottom_divider_height_last_edited=&#8220;on|desktop&#8220; locked=&#8220;off&#8220; collapsed=&#8220;off&#8220;][et_pb_row use_custom_gutter=&#8220;on&#8220; gutter_width=&#8220;1&#8243; module_class=&#8220; et_pb_row_fullwidth&#8220; _builder_version=&#8220;3.25&#8243; width=&#8220;100%&#8220; width_tablet=&#8220;100%&#8220; width_phone=&#8220;&#8220; width_last_edited=&#8220;on|desktop&#8220; max_width=&#8220;100%&#8220; max_width_tablet=&#8220;100%&#8220; max_width_phone=&#8220;&#8220; max_width_last_edited=&#8220;on|desktop&#8220; custom_padding=&#8220;0|0px|0|0px|false|false&#8220; make_fullwidth=&#8220;on&#8220;][et_pb_column type=&#8220;4_4&#8243; _builder_version=&#8220;3.25&#8243; custom_padding=&#8220;|||&#8220; custom_padding__hover=&#8220;|||&#8220;][et_pb_gallery gallery_ids=&#8220;14023&#8243; fullwidth=&#8220;on&#8220; _builder_version=&#8220;4.3.4&#8243; pagination_font=&#8220;||on|on|||||&#8220; pagination_text_align=&#8220;center&#8220; pagination_text_color=&#8220;#ffffff&#8220; background_layout=&#8220;dark&#8220; auto=&#8220;on&#8220;][\/et_pb_gallery][\/et_pb_column][\/et_pb_row][\/et_pb_section][et_pb_section fb_built=&#8220;1&#8243; _builder_version=&#8220;4.0.9&#8243; background_color=&#8220;#f9f8f2&#8243; custom_padding=&#8220;|0px||||&#8220; locked=&#8220;off&#8220; collapsed=&#8220;off&#8220;][et_pb_row column_structure=&#8220;1_2,1_2&#8243; module_id=&#8220;languedoc&#8220; _builder_version=&#8220;4.2.1&#8243;][et_pb_column type=&#8220;1_2&#8243; _builder_version=&#8220;4.0.9&#8243;][et_pb_text _builder_version=&#8220;4.3.4&#8243; text_font=&#8220;||||||||&#8220; text_text_color=&#8220;#ffffff&#8220; header_font=&#8220;||||||||&#8220; header_text_color=&#8220;#ffffff&#8220; background_layout=&#8220;dark&#8220; custom_margin=&#8220;||8px|||&#8220;]<\/p>\n<h1 class=\"et_pb_slide_title et-fb-editable-element et-fb-editable-element et-fb-editable-element__editing\" data-shortcode-id=\"1.0.0.2.0-1569310585881\" data-quickaccess-id=\"header\" style=\"text-align: center;\" contenteditable=\"true\"><span style=\"color: #000000;\">Die erhaltung unserer umwelt<\/span><\/h1>\n<p>[\/et_pb_text][et_pb_text _builder_version=&#8220;4.3.4&#8243; text_font=&#8220;||||||||&#8220; text_text_color=&#8220;#ffffff&#8220; header_font=&#8220;||||||||&#8220; header_text_color=&#8220;#ffffff&#8220; background_layout=&#8220;dark&#8220; custom_margin=&#8220;||-1px|||&#8220; hover_enabled=&#8220;0&#8243;]<\/p>\n<h4 style=\"text-align: center;\"><span style=\"color: #000000;\">Les Jamelles &amp; der C.S.R.-Ansatz<\/span><\/h4>\n<p>[\/et_pb_text][et_pb_image src=&#8220;https:\/\/www.les-jamelles.com\/wp-content\/uploads\/\/2018\/12\/bloc-texte-separateur.svg&#8220; align=&#8220;center&#8220; align_tablet=&#8220;center&#8220; align_phone=&#8220;&#8220; align_last_edited=&#8220;on|desktop&#8220; _builder_version=&#8220;4.2.2&#8243; width_tablet=&#8220;70%&#8220; width_phone=&#8220;100%&#8220; width_last_edited=&#8220;on|tablet&#8220; module_alignment=&#8220;center&#8220; custom_margin=&#8220;0px||0px||false|false&#8220;][\/et_pb_image][et_pb_text _builder_version=&#8220;4.3.4&#8243; custom_margin=&#8220;||0px|||&#8220; hover_enabled=&#8220;0&#8243;]<\/p>\n<p style=\"text-align: center;\"><span style=\"font-size: 16px;\"><\/span><\/p>\n<p>&nbsp;<\/p>\n<p style=\"text-align: center;\"><span style=\"font-size: 16px;\">Seit mehreren Jahren verfolgen wir einen CSR-Ansatz* (<em>Corporate Social Responsibility)<\/em>, dessen Ziel es ist, f\u00fcr Nachhaltigkeit zu sorgen.<\/span>\u00a0<\/p>\n<p style=\"text-align: center;\"><span style=\"font-size: 16px;\">Beispiele f\u00fcr unser Engagement sind:<\/span><\/p>\n<ul>\n<li>\u00a0<span style=\"text-align: center;\">Bei der Bewirtschaftung unserer 60 Hektar Weinberge der Domaine du Tr\u00e9sor achten wir auf Praktiken, die besonders umweltvertr\u00e4glich sind (h\u00f6chste Stufe der HVE-Zertifizierung* f\u00fcr einen ausgesprochen umweltfreundlichen Ansatz).<\/span><\/li>\n<li style=\"text-align: center;\">In der Weinkellerei: Das Dach der Weinkellerei in Monze wurde f\u00fcr eine bessere, nat\u00fcrliche Isolation begr\u00fcnt;\u00a0<span style=\"font-size: 16px;\">das Wasser wurde enth\u00e4rtet, so dass weniger Reinigungsmittel n\u00f6tig sind.<\/span><\/li>\n<li style=\"text-align: center;\">Im Jahr 2019 haben wir das Gewicht unserer Flaschen um 20 % verringert, was uns erlaubt, pro Jahr 470 Tonnen CO\u2082 einzusparen.\n<p><em>*HVE =\u00a0<\/em><em>Die HVE-Zertifizierung (Haute Valeur Environnementale) garantiert, dass die angewandten landwirtschaftlichen Praktiken das nat\u00fcrliche \u00d6kosystem erhalten und sie die Belastung der Umwelt (Boden, Wasser, Biodiversit\u00e4t &#8230;) geringhalten.<\/em><\/p>\n<\/li>\n<\/ul>\n<p>&nbsp;<\/p>\n<p>[\/et_pb_text][et_pb_image src=&#8220;https:\/\/www.les-jamelles.com\/wp-content\/uploads\/\/2018\/12\/bloc-texte-separateur.svg&#8220; align=&#8220;center&#8220; align_tablet=&#8220;center&#8220; align_phone=&#8220;&#8220; align_last_edited=&#8220;on|desktop&#8220; _builder_version=&#8220;4.2.2&#8243; width_tablet=&#8220;70%&#8220; width_phone=&#8220;100%&#8220; width_last_edited=&#8220;on|tablet&#8220; module_alignment=&#8220;center&#8220; custom_margin=&#8220;0px||0px||false|false&#8220;][\/et_pb_image][et_pb_text _builder_version=&#8220;4.3.4&#8243; custom_margin=&#8220;||20px|||&#8220; hover_enabled=&#8220;0&#8243;]<\/p>\n<p style=\"text-align: center;\">Dies ist nur ein kurzer \u00dcberblick \u00fcber die durchgef\u00fchrten Aktionen.<br \/>Wir werden diese Rubrik in K\u00fcrze weiter ausbauen!<\/p>\n<p>[\/et_pb_text][\/et_pb_column][et_pb_column type=&#8220;1_2&#8243; _builder_version=&#8220;4.0.9&#8243;][et_pb_slider _builder_version=&#8220;4.3.4&#8243; width=&#8220;100%&#8220; module_alignment=&#8220;center&#8220; height_tablet=&#8220;&#8220; height_phone=&#8220;294px&#8220; height_last_edited=&#8220;on|phone&#8220; custom_margin=&#8220;|||48px||&#8220; custom_padding=&#8220;233px||389px|0px||&#8220; auto=&#8220;on&#8220; auto_speed=&#8220;4000&#8243;][et_pb_slide _builder_version=&#8220;4.3.4&#8243; background_image=&#8220;https:\/\/www.les-jamelles.com\/wp-content\/uploads\/2020\/01\/jamelles-nos-terroir-languedoc-1.jpg&#8220; background_enable_image=&#8220;on&#8220;][\/et_pb_slide][et_pb_slide _builder_version=&#8220;4.3.4&#8243; background_image=&#8220;https:\/\/www.les-jamelles.com\/wp-content\/uploads\/2020\/01\/jamelles-nos-terroir-languedoc-1.jpg&#8220; background_enable_image=&#8220;on&#8220;][\/et_pb_slide][et_pb_slide _builder_version=&#8220;4.0.9&#8243; background_color=&#8220;rgba(0,0,0,0)&#8220; background_enable_color=&#8220;on&#8220; background_image=&#8220;https:\/\/www.les-jamelles.com\/wp-content\/uploads\/2020\/01\/jamelles-nos-terroir-languedoc-2.jpg&#8220; background_enable_image=&#8220;on&#8220;][\/et_pb_slide][et_pb_slide _builder_version=&#8220;4.0.9&#8243; background_color=&#8220;rgba(0,0,0,0)&#8220; background_enable_color=&#8220;on&#8220; background_image=&#8220;https:\/\/www.les-jamelles.com\/wp-content\/uploads\/2020\/01\/jamelles-nos-terroir-languedoc-3.jpg&#8220; background_enable_image=&#8220;on&#8220;][\/et_pb_slide][et_pb_slide _builder_version=&#8220;4.3.4&#8243; background_color=&#8220;rgba(0,0,0,0)&#8220; background_enable_color=&#8220;on&#8220; background_image=&#8220;https:\/\/www.les-jamelles.com\/wp-content\/uploads\/2021\/12\/cuverie-Monze-Les-Jamelles-toit-v\u00e9g\u00e9talis\u00e9.jpg&#8220; background_enable_image=&#8220;on&#8220;][\/et_pb_slide][\/et_pb_slider][\/et_pb_column][\/et_pb_row][\/et_pb_section]<\/p>\n","protected":false},"excerpt":{"rendered":"<p>Die erhaltung unserer umweltLes Jamelles &amp; der C.S.R.-Ansatz &nbsp; Seit mehreren Jahren verfolgen wir einen CSR-Ansatz* (Corporate Social Responsibility), dessen Ziel es ist, f\u00fcr Nachhaltigkeit zu sorgen.\u00a0 Beispiele f\u00fcr unser Engagement sind: \u00a0Bei der Bewirtschaftung unserer 60 Hektar Weinberge der Domaine du Tr\u00e9sor achten wir auf Praktiken, die besonders umweltvertr\u00e4glich sind (h\u00f6chste Stufe der HVE-Zertifizierung* [&hellip;]<\/p>\n","protected":false},"author":8,"featured_media":0,"parent":0,"menu_order":12,"comment_status":"closed","ping_status":"closed","template":"","meta":{"_seopress_robots_primary_cat":"","_et_pb_use_builder":"on","_et_pb_old_content":"","_et_gb_content_width":"","inline_featured_image":false},"acf":[],"_links":{"self":[{"href":"https:\/\/www.les-jamelles.com\/de\/wp-json\/wp\/v2\/pages\/13613"}],"collection":[{"href":"https:\/\/www.les-jamelles.com\/de\/wp-json\/wp\/v2\/pages"}],"about":[{"href":"https:\/\/www.les-jamelles.com\/de\/wp-json\/wp\/v2\/types\/page"}],"author":[{"embeddable":true,"href":"https:\/\/www.les-jamelles.com\/de\/wp-json\/wp\/v2\/users\/8"}],"replies":[{"embeddable":true,"href":"https:\/\/www.les-jamelles.com\/de\/wp-json\/wp\/v2\/comments?post=13613"}],"version-history":[{"count":17,"href":"https:\/\/www.les-jamelles.com\/de\/wp-json\/wp\/v2\/pages\/13613\/revisions"}],"predecessor-version":[{"id":14145,"href":"https:\/\/www.les-jamelles.com\/de\/wp-json\/wp\/v2\/pages\/13613\/revisions\/14145"}],"wp:attachment":[{"href":"https:\/\/www.les-jamelles.com\/de\/wp-json\/wp\/v2\/media?parent=13613"}],"curies":[{"name":"wp","href":"https:\/\/api.w.org\/{rel}","templated":true}]}}